{"id":15216,"date":"2019-05-22T12:17:15","date_gmt":"2019-05-22T10:17:15","guid":{"rendered":"https:\/\/oberpostdirektion.berlin\/?page_id=15216"},"modified":"2019-05-22T12:18:11","modified_gmt":"2019-05-22T10:18:11","slug":"data-privacy","status":"publish","type":"page","link":"https:\/\/oberpostdirektion.berlin\/en\/data-privacy\/","title":{"rendered":"Data Privacy"},"content":{"rendered":"<section class=\"wpb-content-wrapper\"><p>[vc_row][vc_column][vc_column_text]<\/p>\n<h1>Data Privacy<\/h1>\n<p>[\/vc_column_text][\/vc_column][\/vc_row][vc_row columns_gap=&#8221;60&#8243;][vc_column width=&#8221;1\/2&#8243;][vc_column_text]<\/p>\n<p><strong>Datenschutz<\/strong><br \/>\nVielen Dank f\u00fcr Ihren Besuch auf unserer Internetseite und f\u00fcr Ihr Interesse an unserem Unternehmen. Wir m\u00f6chten, dass Sie angenehm durch unsere Seiten surfen und keine unangenehmen \u00dcberraschungen erleben.<br \/>\nAuf unserer Internetseite k\u00f6nnen Sie auf der Seite \u201eKontakt\u201c Ihre personenbezogenen Daten eingeben. Diese Daten werden nur zur Bearbeitung und Dokumentation Ihrer Anfrage gespeichert. Diese Daten werden nur weitergegeben, wenn dies zur Bearbeitung Ihrer Anfrage erforderlich ist. Zu Werbezwecken werden diese Daten nicht an Dritte weitergegeben.<br \/>\nZus\u00e4tzlich werden von unserem Internetserviceprovider bei Ihrem Besuch in sogenannten Logfiles Daten gesammelt. Dabei erhalten wir den Namen Ihres Internetserviceproviders, Ihre IP-Adresse, die Internetseite, von der Sie auf unsere Internetseite gekommen sind, die Internetseiten, die Sie bei uns besuchen und Datum, Uhrzeit und Dauer Ihres Besuches. Diese Daten dienen nur statistischen Zwecken. Ein Personenbezug wird von uns nicht hergestellt.<br \/>\nWir verwenden Cookies, mit denen w\u00e4hrend Ihres Besuches auf unserer Internetseite Daten auf Ihrem Rechner gespeichert werden. Dort werden Daten gespeichert, die die Anzeige der Internetseite optimieren und Ihnen das Surfen angenehmer machen. Die Daten werden von uns nicht ausgewertet. Vor derartigen Cookies k\u00f6nnen Sie sich auch durch entsprechende Einstellungen in Ihrem Internetbrowser sch\u00fctzen.<\/p>\n<p><strong>Einsatz von Google Analytics<\/strong><br \/>\nDiese Website benutzt Google Analytics, einen Webanalysedienst der Google Inc. (\u201eGoogle\u201c). Google Analytics verwendet sog. \u201eCookies\u201c, Textdateien, die auf Ihrem Computer gespeichert werden und die eine Analyse der Benutzung der Website durch Sie erm\u00f6glichen. Die durch das Cookie erzeugten Informationen \u00fcber Ihre Benutzung dieser Website werden in der Regel an einen Server von Google in den USA \u00fcbertragen und dort gespeichert.<br \/>\nWir weisen Sie darauf hin, dass auf dieser Website Google Analytics um den Code \u201egat._anonymizeIp();\u201c erweitert wurde, um eine anonymisierte Erfassung von IP-Adressen (sog. IP-Masking) zu gew\u00e4hrleisten. Dadurch wird Ihre IP-Adresse von Google jedoch innerhalb von Mitgliedstaaten der Europ\u00e4ischen Union oder in anderen Vertragsstaaten des Abkommens \u00fcber den Europ\u00e4ischen Wirtschaftsraum zuvor gek\u00fcrzt. Nur in Ausnahmef\u00e4llen wird die volle IP-Adresse an einen Server von Google in den USA \u00fcbertragen und dort gek\u00fcrzt.<br \/>\nIm Auftrag des Betreibers dieser Website wird Google diese Informationen benutzen, um Ihre Nutzung der Website auszuwerten, um Reports \u00fcber die Websiteaktivit\u00e4ten zusammenzustellen und um weitere mit der Websitenutzung und der Internetnutzung verbundene Dienstleistungen gegen\u00fcber dem Websitebetreiber zu erbringen. Die im Rahmen von Google Analytics von Ihrem Browser \u00fcbermittelte IP-Adresse wird nicht mit anderen Daten von Google zusammengef\u00fchrt. Sie k\u00f6nnen die Speicherung der Cookies durch eine entsprechende Einstellung Ihrer Browser-Software verhindern; wir weisen Sie jedoch darauf hin, dass Sie in diesem Fall gegebenenfalls nicht s\u00e4mtliche Funktionen dieser Website vollumf\u00e4nglich werden nutzen k\u00f6nnen.<br \/>\nSie k\u00f6nnen dar\u00fcber hinaus die Erfassung der durch das Cookie erzeugten und auf Ihre Nutzung der Website bezogenen Daten (inkl. Ihrer IP-Adresse) an Google sowie die Verarbeitung dieser Daten durch Google verhindern, indem Sie das unter dem folgenden Link (http:\/\/tools.google.com\/dlpage\/gaoptout?hl=de) verf\u00fcgbare Browser-Plugin herunterladen und installieren.<br \/>\nSie k\u00f6nnen die Erfassung durch Google Analytics verhindern, indem Sie auf den gr\u00fcnen Button \u201eAnalytics Einstellungen\u201c anklicken. Danach k\u00f6nnen Sie ausw\u00e4hlen, ob Sie Google Analytics zulassen, deaktivieren oder einmalig zulassen. Falls Sie Google Analytics dort deaktivieren, wird ein Opt-Out-Cookie gesetzt, das die zuk\u00fcnftige Erfassung Ihrer Daten beim Besuch dieser Website verhindert.\u2028N\u00e4here Informationen zu Nutzungsbedingungen und Datenschutz finden Sie unter\u00a0www.google.com\/analytics\/terms\/de.html\u00a0bzw. unter\u00a0www.google.de\/intl\/de\/policies\/.<\/p>\n<p>[\/vc_column_text][\/vc_column][vc_column width=&#8221;1\/2&#8243;][vc_column_text]<strong>Einsatz von Buttons mit Links zu Sozialen Netzwerken<\/strong><br \/>\nAuf unserer Internetseite setzen wir Buttons mit Links zu unseren Auftritten bei Facebook, Google+, Twitter, Xing und LinkedIn ein. Durch diese Buttons werden keine Daten zu den genannten sozialen Netzwerken \u00fcbertragen. Erst wenn Sie die Buttons bet\u00e4tigen, verlassen Sie unsere Internetseiten und werden zu unseren Auftritten in den angeklickten, sozialen Netzwerken umgeleitet. Sie befinden sich dann nicht mehr auf unseren Internetseiten, sondern auf den Internetseiten der angeklickten, sozialen Netzwerke. Dort werden je nach Ihren Einstellungen in Ihrem Browser oder in dem sozialen Netzwerk personenbezogene Daten \u00fcber Sie gesammelt. Die Bedingungen dazu k\u00f6nnen sie den Datenschutzerkl\u00e4rungen der angeklickten, sozialen Netzwerke entnehmen, f\u00fcr die wir keine Verantwortung \u00fcbernehmen k\u00f6nnen.Auf \u201eGef\u00e4llt-mir-Buttons\u201c von Facebook haben wir auf unseren Internetseiten verzichtet, da diese bereits Daten \u00fcber Sie sammeln w\u00fcrden, wenn Sie diese Buttons noch gar nicht angeklickt haben. Falls Sie uns \u00fcber diese Technik Ihre Sympathie bekunden m\u00f6chten, freuen wir uns dar\u00fcber. Dazu bet\u00e4tigen Sie dann einfach unseren Button mit dem Link zu Facebook. Auf unserer Facebook-Fan-Seite finden Sie dann einen \u201eGef\u00e4llt-mir-Button\u201c.Wir verzichten aus datenschutzrechtlichen Gr\u00fcnden auf die Integration von Social Media Scripts, da die sozialen Dienste Tracking-Methoden im Hintergrund verwenden. Wir freuen uns nat\u00fcrlich, wenn Ihnen unsere Beitr\u00e4ge in unserem Blog gefallen und Sie diese in den sozialen Medien teilen m\u00f6chten. Daf\u00fcr haben wir nach den Beitr\u00e4gen Teilen-Buttons f\u00fcr Twitter, Facebook und Google+ eingef\u00fcgt. Wenn Sie die Buttons bet\u00e4tigen erhalten Sie einen Hinweis, dass die sozialen Medien Analyse-Scripts im Hintergrund laden, um das Nutzerverhalten zu erfassen. Erst wenn Sie dem zustimmen, werden entsprechende Skripte hochgeladen und der Betrag geteilt.<\/p>\n<p><strong>Rechtsgrundlagen<\/strong><br \/>\nRechtsgrundlage f\u00fcr die Datenverarbeitung auf dieser Internetseite ist die EU-Datenschutz-Grundverordnung. Die Daten werden nur so lange gespeichert, wie dies f\u00fcr die oben genannten Zwecke erforderlich ist oder gesetzliche Vorgaben dies fordern.<\/p>\n<p><strong>Nutzung von Typekit Fonts<\/strong><br \/>\nWir verwenden auf unserer Website Typekit Fonts. Dadurch k\u00f6nnen wir bestimmte Schriftarten in unsere Website integrieren. Diese Schriftarten werden von Adobe \u00fcber Server in den USA bereitgestellt. Beim Aufruf unserer Website baut der Webbrowser des Besuchers eine direkte Verbindung zu diesen Servern auf. Dabei wird unter anderem die IP-Adresse des Besuchers an Adobe \u00fcbermittelt und dort gespeichert. Adobe nimmt an dem EU-US Privacy Shield teil:\u00a0www.privacyshield.gov\/EU-US-Framework<br \/>\nWeitere Informationen \u00fcber Adobe: Adobe Systems Incorporated, 45 Park Avenue, San Jose, California 95110, USA<br \/>\nWeitere Informationen zum Datenschutz bei der Nutzung von Typekit:\u00a0https:\/\/www.adobe.com\/de\/privacy\/policies\/typekit.html<\/p>\n<p><strong>Anfragen<\/strong><br \/>\nAufsichtsbeh\u00f6rden sind die Landesbeauftragten f\u00fcr Datenschutz. Dort k\u00f6nnen Sie sich \u00fcber uns beschweren, wenn Sie bei uns Unregelm\u00e4\u00dfigkeiten im Datenschutz vermuten. Sie k\u00f6nnen sich aber auch direkt an unseren externen Datenschutzbeauftragten wenden.<br \/>\nEntsprechend dem geltenden Datenschutzrecht teilen wir Ihnen auf Anfrage gerne mit, ob und welche pers\u00f6nlichen Daten wir \u00fcber Sie bei uns gespeichert haben. Wenden Sie sich daf\u00fcr bitte direkt an unseren Datenschutzbeauftragten.[\/vc_column_text][\/vc_column][\/vc_row]<\/p>\n<\/section>","protected":false},"excerpt":{"rendered":"<p>[vc_row][vc_column][vc_column_text] Data Privacy [\/vc_column_text][\/vc_column][\/vc_row][vc_row columns_gap=&#8221;60&#8243;][vc_column width=&#8221;1\/2&#8243;][vc_column_text] Datenschutz Vielen Dank f\u00fcr Ihren Besuch auf unserer Internetseite und f\u00fcr Ihr Interesse an unserem Unternehmen. Wir m\u00f6chten, dass Sie angenehm durch unsere Seiten surfen und keine unangenehmen \u00dcberraschungen erleben. Auf unserer Internetseite k\u00f6nnen Sie auf der Seite \u201eKontakt\u201c Ihre personenbezogenen Daten eingeben. Diese Daten werden nur zur Bearbeitung [&hellip;]<\/p>\n","protected":false},"author":1,"featured_media":0,"parent":0,"menu_order":0,"comment_status":"closed","ping_status":"open","template":"","meta":[],"_links":{"self":[{"href":"https:\/\/oberpostdirektion.berlin\/en\/wp-json\/wp\/v2\/pages\/15216"}],"collection":[{"href":"https:\/\/oberpostdirektion.berlin\/en\/wp-json\/wp\/v2\/pages"}],"about":[{"href":"https:\/\/oberpostdirektion.berlin\/en\/wp-json\/wp\/v2\/types\/page"}],"author":[{"embeddable":true,"href":"https:\/\/oberpostdirektion.berlin\/en\/wp-json\/wp\/v2\/users\/1"}],"replies":[{"embeddable":true,"href":"https:\/\/oberpostdirektion.berlin\/en\/wp-json\/wp\/v2\/comments?post=15216"}],"version-history":[{"count":3,"href":"https:\/\/oberpostdirektion.berlin\/en\/wp-json\/wp\/v2\/pages\/15216\/revisions"}],"predecessor-version":[{"id":15219,"href":"https:\/\/oberpostdirektion.berlin\/en\/wp-json\/wp\/v2\/pages\/15216\/revisions\/15219"}],"wp:attachment":[{"href":"https:\/\/oberpostdirektion.berlin\/en\/wp-json\/wp\/v2\/media?parent=15216"}],"curies":[{"name":"wp","href":"https:\/\/api.w.org\/{rel}","templated":true}]}}